{"id":52,"date":"2021-03-29T11:43:16","date_gmt":"2021-03-29T10:43:16","guid":{"rendered":"https:\/\/clubatletismolanucia.es\/?page_id=52"},"modified":"2022-10-18T18:17:57","modified_gmt":"2022-10-18T17:17:57","slug":"premios-reconocimientos","status":"publish","type":"page","link":"https:\/\/clubatletismolanucia.es\/?page_id=52","title":{"rendered":"PREMIOS &#038; RECONOCIMIENTOS"},"content":{"rendered":"<div class=\"wpb-content-wrapper\"><p>[vc_row][vc_column][vc_column_text]<\/p>\n<h2><strong>TEMPORADA 2021\/2022<\/strong><\/h2>\n<h3><strong>PISTA CUBIERTA&nbsp;<\/strong><\/h3>\n<h5><b>Campeonato Provincial Equipos SUB 12, PC,<\/b> 07\/01\/2022, Alicante<\/h5>\n<p>Equipo femenino Club Atletismo La Nucia CAB TERCER CLASIFICADO, compuesto por Marina Poquet, Tuva Holmstedt, Diana Guillen, Carla Ivorra, Maria Burgos, Emma Cortes, Dea Koycheva, Zaira Pastor.<\/p>\n<h5><b>Campeonato Provincial Equipos SUB14, PC,<\/b> 15\/01\/2022, Petrer<\/h5>\n<p>Equipo masculino C. A. LA NUCIA-CAB TERCER CLASIFICADO, compuesto por Kai Rodriguez, Lucas Weber, Mateo Mikitinskis, Noah Rufette, Carles Poquet, Andrei Shevchenko, Joaquin Arredondo, Alejandro Justicia.<\/p>\n<h5><b>Campeonato Provincial Individual SUB12, PC<\/b>, 15\/01\/2022, Elda<\/h5>\n<ul>\n<li style=\"font-weight: 400;\" aria-level=\"1\">Erik Falquet MEDALLA DE ORO en p\u00e9rtiga con1,70m<\/li>\n<li style=\"font-weight: 400;\" aria-level=\"1\">Ander Moreno MEDALLA DE PLATA en 2km marcha con 14\u201913\u201997<\/li>\n<li style=\"font-weight: 400;\" aria-level=\"1\">Marcos Chinchilla MEDALLA DE BRONCE en 500m.l. con 1\u201938\u2019\u201928<\/li>\n<li style=\"font-weight: 400;\" aria-level=\"1\">Emma Cortes MEDALLA DE PLATA en 60m vallas con 11\u201994\u2019\u2019<\/li>\n<li style=\"font-weight: 400;\" aria-level=\"1\">Dea Koycheva MEDALLA DE PLATA en p\u00e9rtiga con 1,55m<\/li>\n<\/ul>\n<h5><b>Campeonato Provincial Individual SUB14, PC,<\/b> 29\/01\/2022, Petrer<\/h5>\n<ul>\n<li style=\"font-weight: 400;\" aria-level=\"1\">Andrei Shevchenko, MEDALLA DE ORO en p\u00e9rtiga con 2,20m<\/li>\n<li style=\"font-weight: 400;\" aria-level=\"1\">Alejandro Justicia, MEDALLA DE PLATA en 2km marcha con 14\u201920\u2019\u201951<\/li>\n<li style=\"font-weight: 400;\" aria-level=\"1\">Raul Bl\u00e1zquez, MEDALLA DE BRONCE en 2000m.l. con 8\u201910\u2019\u201914<\/li>\n<li style=\"font-weight: 400;\" aria-level=\"1\">Sofia Vargas MEDALLA DE ORO en p\u00e9rtiga con 1,95m<\/li>\n<\/ul>\n<h5><b>Campeonato Provincial Absoluto, PC,<\/b> 05\/02\/2022, Elche<\/h5>\n<ul>\n<li style=\"font-weight: 400;\" aria-level=\"1\">Elizabeth Hunt MEDALLA DE BRONCE en 60m.l. con 8\u201913\u2019\u2019<\/li>\n<\/ul>\n<h5><b>Campeonato Auton\u00f3mico Individual SUB20, PC,<\/b> 20\/02\/2022, Valencia<\/h5>\n<ul>\n<li>Juli\u00e1n Ren\u00e9 MEDALLA DE BRONCE en 60m vallas con 8\u201956\u2019\u2019<\/li>\n<\/ul>\n<h5><b>Campeonato Provincial Individual SUB16, PC, <\/b>05\/0372022, Denia<\/h5>\n<ul>\n<li style=\"font-weight: 400;\" aria-level=\"1\">Sara Navarro, MEDALLA DE ORO en 60m.l. con 8\u201903\u2019\u2019<\/li>\n<li style=\"font-weight: 400;\" aria-level=\"1\">Sara Navarro MEDALLA DE ORO en 300m.l. con 42\u201917\u2019\u2019<\/li>\n<li style=\"font-weight: 400;\" aria-level=\"1\">Magui Druet, MEDALLA DE PLATA en 3000m.l con 12\u201912\u2019\u201907<\/li>\n<\/ul>\n<h5><b>Campeonato Provincial Individual SUB20, PC,<\/b> 12\/03\/2022, Elche<\/h5>\n<ul>\n<li style=\"font-weight: 400;\" aria-level=\"1\">Jordi Saval MEDALLA DE PLATA en 60m.l. con 7\u201987\u2019\u2019<\/li>\n<li style=\"font-weight: 400;\" aria-level=\"1\">Jordi Saval MEDALLA DE PLATA en longitud con 5,64m<\/li>\n<\/ul>\n<h5><b>Campeonato Provincial Individual SUB18, PC,<\/b> 12\/03\/2022, Elche<\/h5>\n<ul>\n<li style=\"font-weight: 400;\" aria-level=\"1\">Elizabeth Hunt MEDALLA DE ORO en 200m.l. con 25\u201990\u2019\u2019<\/li>\n<li style=\"font-weight: 400;\" aria-level=\"1\">Elizabeth Hunt MEDALLA DE PLATA en 60m.l. con 7\u201994\u2019\u2019<\/li>\n<li style=\"font-weight: 400;\" aria-level=\"1\">Sara Mobayed MEDALLA DE ORO en longitud con 5,18m<\/li>\n<li style=\"font-weight: 400;\" aria-level=\"1\">Sara Mobayed, MEDALLA DE PLATA en 60m vallas con 9\u201967\u2019\u2019<\/li>\n<li style=\"font-weight: 400;\" aria-level=\"1\">Roci\u00f3 Garc\u00eda MEDALLA DE ORO en p\u00e9rtiga con 2,45m<\/li>\n<li style=\"font-weight: 400;\" aria-level=\"1\">Giuliana Bizzotto MEDALLA DE PLATA en p\u00e9rtiga con 2,25m<\/li>\n<\/ul>\n<h5><b>Campeonato Auton\u00f3mico Individual SUB16, PC,<\/b> 12\/03\/2022, Valencia<\/h5>\n<ul>\n<li style=\"font-weight: 400;\" aria-level=\"1\">Sara Navarro MEDALLA DE BRONCE en 60m.l. con 7\u201997\u2019\u2019<\/li>\n<li style=\"font-weight: 400;\" aria-level=\"1\">Sara Navarro MEDALLA DE BRONCE en 300m.l. con 42\u201907\u2019\u2019<\/li>\n<\/ul>\n<h5><b>XLIX Campeonato de Espa\u00f1a SUB20, PC,<\/b>12\/03\/2022, Antequera<\/h5>\n<ul>\n<li><b><\/b>Julia Ren\u00c9, ELIMINATORIA en 60m vallas con 8\u201951\u2019<\/li>\n<\/ul>\n<h5><b>Campeonato Auton\u00f3mico Individual SUB14, PC,<\/b> 13\/03\/2022, Valencia<\/h5>\n<ul>\n<li style=\"font-weight: 400;\" aria-level=\"1\">Andrei Shevchenko MEDALLA DE ORO en p\u00e9rtiga con 2,50m<\/li>\n<li style=\"font-weight: 400;\" aria-level=\"1\">Maria Mengual MEDALLA DE PLATA en peso con 8,18m<\/li>\n<li style=\"font-weight: 400;\" aria-level=\"1\">Candela Garcia MEDALLA DE BRONCE en p\u00e9rtiga con 2,00m<\/li>\n<\/ul>\n<h5><strong>XXXV Campeonato de Espa\u00f1a SUB16, PC,<\/strong> 26\/03\/2022, Sabadell<\/h5>\n<ul>\n<li aria-level=\"1\">Sara Navarro SEMIFINALISTA en 60m.l. con 8\u201908\u2019\u2019<\/li>\n<li>Sara Navarro ELIMINATORIA en 300m.l. con 42\u201947\u2019\u2019<\/li>\n<\/ul>\n<h3><strong>AIRE LIBRE&nbsp;<\/strong><\/h3>\n<h5><b>Campeonato Provincial Equipos SUB14, AL, <\/b>02\/04\/2022, Torrevieja<\/h5>\n<ul>\n<li style=\"font-weight: 400;\" aria-level=\"1\">Equipo masculino C. A. LA NUCIA-CAB SEGUNDO CLASIFICADO, compuesto por Kai Rodriguez, Lucas Weber, Mateo Mikitinskis, Raul Bl\u00e1zquez, Shimon Menda\u00f1a, Noah Rufette, Carles Poquet, Andrei Shevchenko, Joaquin Arredondo, Salvador Abreu.<\/li>\n<\/ul>\n<h5><b>Campeonato Auton\u00f3mico Pruebas Combinadas SUB18,<\/b> 23-24\/04\/2022, Denia<\/h5>\n<ul>\n<li style=\"font-weight: 400;\" aria-level=\"1\">Sara Mobayed MEDALLA DE BRONCE en heptatl\u00f3n con 3969 puntos<\/li>\n<\/ul>\n<h5><b>Campeonato Provincial Individual SUB18, AL,<\/b> 14\/05\/2022, Petrer<\/h5>\n<ul>\n<li style=\"font-weight: 400;\" aria-level=\"1\">Elizabeth Hunt MEDALLA DE PLATA en 100m.l. con 12\u201963\u2019\u2019<\/li>\n<\/ul>\n<h5><b>Campeonato Provincial Individual SUB14, AL,<\/b> 14\/05\/2022, Torrevieja<\/h5>\n<ul>\n<li style=\"font-weight: 400;\" aria-level=\"1\">Joaqu\u00edn Arredondo MEDALLA DE ORO en peso con 9,45m<\/li>\n<li style=\"font-weight: 400;\" aria-level=\"1\">Noah Rufete MEDALLA DE ORO en 1000m obst\u00e1culos con 3\u201950\u2019\u201974<\/li>\n<li style=\"font-weight: 400;\" aria-level=\"1\">Ra\u00fal Bl\u00e1zquez MEDALLA DE PLATA en 1000m obst\u00e1culos con 3\u201954\u2019\u201998<\/li>\n<li style=\"font-weight: 400;\" aria-level=\"1\">Carles Poquet MEDALLA DE PLATA en 80m vallas con 16\u201916\u2019\u2019<\/li>\n<li style=\"font-weight: 400;\" aria-level=\"1\">In\u00e9s Mar\u00edn MEDALLA DE BRONCE en 1000m obst\u00e1culos con 4\u201926\u2019\u201986<\/li>\n<\/ul>\n<h5><b>Campeonato Provincial Individual SUB18, AL,<\/b> 15\/05\/2022, Torrevieja<\/h5>\n<ul>\n<li>Mateo San Jose MEDALLA DE BRONCE en 2000m obst\u00e1culos con 7\u201919\u2019\u201993<\/li>\n<\/ul>\n<h5><b>Campeonato Provincial Absoluto, AL,<\/b> 04\/06\/2022, La Nucia<\/h5>\n<ul>\n<li style=\"font-weight: 400;\" aria-level=\"1\">Ra\u00fal Perles MEDALLA DE ORO en jabalina con 45,21m<\/li>\n<li style=\"font-weight: 400;\" aria-level=\"1\">Luca Bizzotto MEDALLA DE PLATA en 200m.l. con 22\u201991\u2019\u2019<\/li>\n<li style=\"font-weight: 400;\" aria-level=\"1\">Jesus Ramos MEDALLA DE BRONCE en 200m.l. con 23\u201911\u2019\u2019<\/li>\n<li style=\"font-weight: 400;\" aria-level=\"1\">Sara Navarro MEDALLA DE PLATA en 100m.l. con 12\u201952\u2019\u2019<\/li>\n<\/ul>\n<h5><b>Campeonato Provincial Absoluto, AL,<\/b> 05\/06\/2022, San Juan<\/h5>\n<ul>\n<li style=\"font-weight: 400;\" aria-level=\"1\">Oscar Casta\u00f1eda MEDALLA DE BRONCE en 400m.l. con 52\u201956\u2019\u2019<\/li>\n<li style=\"font-weight: 400;\" aria-level=\"1\">Sara Mobayed MEDALLA DE BRONCE en longitud con 5,29m<\/li>\n<\/ul>\n<h5><b>Campeonato Auton\u00f3mico Absoluto, AL, <\/b>18\/06\/2022, Valencia<\/h5>\n<ul>\n<li aria-level=\"1\">Julian Rene MEDALLA DE BRONCE en 110m vallas con 15\u00b421\u00b4\u00b4<\/li>\n<li aria-level=\"1\">Sara Mobayed MEDALLA DE BRONCE en salto de altura con 1,55m<\/li>\n<\/ul>\n<h5><b>Campeonato Provincial Individual Sub12, AL,<\/b> 18\/06\/2022, Elda<\/h5>\n<ul>\n<li style=\"font-weight: 400;\" aria-level=\"1\">Erik Falquet MEDALLA DE ORO en peso con 8,27m<\/li>\n<li style=\"font-weight: 400;\" aria-level=\"1\">Erik Falquet MEDALLA DE ORO en p\u00e9rtiga con 1,90m<\/li>\n<li style=\"font-weight: 400;\" aria-level=\"1\">Ander Moreno MEDALLA DE BRONCE en 2km marcha con 13\u00b420\u00b4\u00b461<\/li>\n<li style=\"font-weight: 400;\" aria-level=\"1\">Dea Koycheva MEDALLA DE ORO en p\u00e9rtiga con 1,80m<\/li>\n<li style=\"font-weight: 400;\" aria-level=\"1\">Luc\u00eda Gonz\u00e1lez MEDALLA DE PLATA en disco con 14,31m<\/li>\n<\/ul>\n<h5><b>LXXI Campeonato de Espa\u00f1a Sub18, AL, <\/b>18-19\/06\/2022, Jerez de La Frontera<\/h5>\n<ul>\n<li aria-level=\"1\">Elizabeth Hunt, ELIMINATORIA en 100m.l con 12\u00b472\u00b4\u00b4<\/li>\n<\/ul>\n<ul>\n<li aria-level=\"1\">Elizabeth Hunt, ELIMINATORIA en 200m.l con 26\u00b429\u00b4\u00b4<\/li>\n<\/ul>\n<h5><b>Campeonato de Espa\u00f1a de Medio Marat\u00f3n, <\/b>19\/06\/2022, Paterna<\/h5>\n<p><b><\/b>Houssame Eddine Benabbou Azizi MEDALLA DE BRONCE con 1\u00b404\u00b4\u00b409 y ha conseguido PASE DIRECTO AL CAMPEONATO DEL MUNDO EN CHINA<\/p>\n<h5><b>Campeonato Provincial Individual Sub20, AL<\/b>, 25\/06\/2022, Denia<\/h5>\n<ul>\n<li>Julian Rene MEDALLA DE PLATA en 110m vallas con 14\u00b455\u00b4<\/li>\n<li aria-level=\"1\">Julian Rene MEDALLA DE PLATA en 100m.l. con 11\u00b441\u00b4\u00b4<\/li>\n<li aria-level=\"1\">Luca Bizzotto MEDALLA DE PLATA en 200m.l. con 23\u201913\u2019\u2019<\/li>\n<li aria-level=\"1\">Luca Bizzotto MEDALLA DE BRONCE en 100m.l. con 11\u201958\u2019\u2019<\/li>\n<li aria-level=\"1\">Jordi Saval MEDALLA DE BRONCE en longitud con 5,91m<\/li>\n<\/ul>\n<p><b>Campeonato Provincial Sub16, AL \u2013 Provincial P\u00e9rtiga S14 Petrer, AL,<\/b> 02\/07\/2022, Petrer<\/p>\n<ul>\n<li style=\"font-weight: 400;\" aria-level=\"1\">Andr\u00e9i Shevchenko, MEDALLA DE ORO en p\u00e9rtiga con 2,80m<\/li>\n<li style=\"font-weight: 400;\" aria-level=\"1\">Marcos Carri\u00f3n MEDALLA DE ORO en 1500m obst\u00e1culos con 5\u00b410\u00b4\u00b42<\/li>\n<li style=\"font-weight: 400;\" aria-level=\"1\">Sara Navarro, MEDALLA DE ORO en 100m.l. con 12\u201941\u2019\u2019<\/li>\n<li style=\"font-weight: 400;\" aria-level=\"1\">Sara Navarro, MEDALLA DE ORO en 300m.l. con 41\u00b451\u2019\u2019<\/li>\n<li style=\"font-weight: 400;\" aria-level=\"1\">Candela Garcia, MEDALLA DE ORO en p\u00e9rtiga con 2,20m<\/li>\n<li style=\"font-weight: 400;\" aria-level=\"1\">Anais Reguero, MEDALLA DE PLATA en 3000m con 13\u00b404\u00b4\u00b481<\/li>\n<li style=\"font-weight: 400;\" aria-level=\"1\">Julia Byrne, MEDALLA DE PLATA en 300m.l. con 45\u00b482\u00b4\u00b4<\/li>\n<li style=\"font-weight: 400;\" aria-level=\"1\">Julia Byrne, MEDALLA DE BRONCE en 100m.l. con13\u00b440\u00b4\u00b4<\/li>\n<li style=\"font-weight: 400;\" aria-level=\"1\">Mag\u00fci Druet, MEDALLA DE BRONCE en 1500m obst\u00e1culos con 6\u00b418\u00b4\u00b42<\/li>\n<li style=\"font-weight: 400;\" aria-level=\"1\">Sofia Vargas, MEDALLA DE BRONCE en p\u00e9rtiga con 1,90m<\/li>\n<\/ul>\n<h5><b>Campeonato Auton\u00f3mico Sub16, AL, <\/b>09\/07\/2022, Denia<\/h5>\n<ul>\n<li style=\"font-weight: 400;\" aria-level=\"1\">Sara Navarro, MEDALLA DE ORO en 100m.l. con 12\u201952\u2019\u2019<\/li>\n<li style=\"font-weight: 400;\" aria-level=\"1\">Sara Navarro, MEDALLA DE PLATA en 300m.l. con 41\u00b425\u2019\u2019<\/li>\n<\/ul>\n<h5><b>Campeonato de Espa\u00f1a Sub 20, AL, <\/b>16-17\/07\/2022, Torrent<\/h5>\n<ul>\n<li aria-level=\"1\">Luca Bizzotto, ELIMINATORIA en 200m.l. con 23\u00b431\u00b4\u00b4<\/li>\n<\/ul>\n<h5><b>XXI Campeonato de Espa\u00f1a sub16, AL, <\/b>23-24\/07\/2022, Avil\u00e9s<\/h5>\n<ul>\n<li aria-level=\"1\">Sara Navarro, MEDALLA DE BRONCE en 100m.l. con 12\u00b424\u00b4\u00b4<\/li>\n<li aria-level=\"1\">Sara Navarro, MEDALLA DE BRONCE en 300m.l. con 39\u00b486\u00b4\u00b4<\/li>\n<\/ul>\n<h5><strong>Campeonato de Espa\u00f1a de Federaciones Auton\u00f3micas Sub 16<\/strong>, 18\/10\/2022, Pamplona&nbsp;<\/h5>\n<ul>\n<li>Sara Navarro, MEDALLA DE ORO en 300m.l. con 41\u00b428\u00b4\u00b4<\/li>\n<\/ul>\n<h5><strong>I Campeonato de Europa de 50km IAU<\/strong>, 15\/10\/2022, Sotillo de la Adrada<\/h5>\n<ul>\n<li>Houssame Eddine Benabbou Azizi MEDALLA DE ORO con 2\u00b449\u00b4\u00b414<\/li>\n<li>Houssame, Poyuelo, Mart\u00ednez, Hernando y Felipe MEDALLA DE PLATA a nivel europeo de selecciones.<\/li>\n<\/ul>\n<h2>TEMPORADA 2022\/2023<\/h2>\n<h3>&nbsp;<\/h3>\n<p>[\/vc_column_text][\/vc_column][\/vc_row]<\/p>\n<\/div>","protected":false},"excerpt":{"rendered":"<p>[vc_row][vc_column][vc_column_text] TEMPORADA 2021\/2022 PISTA CUBIERTA&nbsp; Campeonato Provincial Equipos SUB 12, PC, 07\/01\/2022, Alicante Equipo femenino Club Atletismo La Nucia CAB [&hellip;]<\/p>\n","protected":false},"author":1,"featured_media":0,"parent":0,"menu_order":0,"comment_status":"closed","ping_status":"closed","template":"","meta":{"site-sidebar-layout":"no-sidebar","site-content-layout":"plain-container","ast-site-content-layout":"default","site-content-style":"default","site-sidebar-style":"default","ast-global-header-display":"","ast-banner-title-visibility":"","ast-main-header-display":"","ast-hfb-above-header-display":"","ast-hfb-below-header-display":"","ast-hfb-mobile-header-display":"","site-post-title":"disabled","ast-breadcrumbs-content":"","ast-featured-img":"disabled","footer-sml-layout":"","ast-disable-related-posts":"","theme-transparent-header-meta":"","adv-header-id-meta":"","stick-header-meta":"","header-above-stick-meta":"","header-main-stick-meta":"","header-below-stick-meta":"","astra-migrate-meta-layouts":"default","ast-page-background-enabled":"default","ast-page-background-meta":{"desktop":{"background-color":"var(--ast-global-color-5)","background-image":"","background-repeat":"repeat","background-position":"center center","background-size":"auto","background-attachment":"scroll","background-type":"","background-media":"","overlay-type":"","overlay-color":"","overlay-opacity":"","overlay-gradient":""},"tablet":{"background-color":"","background-image":"","background-repeat":"repeat","background-position":"center center","background-size":"auto","background-attachment":"scroll","background-type":"","background-media":"","overlay-type":"","overlay-color":"","overlay-opacity":"","overlay-gradient":""},"mobile":{"background-color":"","background-image":"","background-repeat":"repeat","background-position":"center center","background-size":"auto","background-attachment":"scroll","background-type":"","background-media":"","overlay-type":"","overlay-color":"","overlay-opacity":"","overlay-gradient":""}},"ast-content-background-meta":{"desktop":{"background-color":"var(--ast-global-color-4)","background-image":"","background-repeat":"repeat","background-position":"center center","background-size":"auto","background-attachment":"scroll","background-type":"","background-media":"","overlay-type":"","overlay-color":"","overlay-opacity":"","overlay-gradient":""},"tablet":{"background-color":"var(--ast-global-color-4)","background-image":"","background-repeat":"repeat","background-position":"center center","background-size":"auto","background-attachment":"scroll","background-type":"","background-media":"","overlay-type":"","overlay-color":"","overlay-opacity":"","overlay-gradient":""},"mobile":{"background-color":"var(--ast-global-color-4)","background-image":"","background-repeat":"repeat","background-position":"center center","background-size":"auto","background-attachment":"scroll","background-type":"","background-media":"","overlay-type":"","overlay-color":"","overlay-opacity":"","overlay-gradient":""}},"footnotes":""},"class_list":["post-52","page","type-page","status-publish","hentry"],"_links":{"self":[{"href":"https:\/\/clubatletismolanucia.es\/index.php?rest_route=\/wp\/v2\/pages\/52","targetHints":{"allow":["GET"]}}],"collection":[{"href":"https:\/\/clubatletismolanucia.es\/index.php?rest_route=\/wp\/v2\/pages"}],"about":[{"href":"https:\/\/clubatletismolanucia.es\/index.php?rest_route=\/wp\/v2\/types\/page"}],"author":[{"embeddable":true,"href":"https:\/\/clubatletismolanucia.es\/index.php?rest_route=\/wp\/v2\/users\/1"}],"replies":[{"embeddable":true,"href":"https:\/\/clubatletismolanucia.es\/index.php?rest_route=%2Fwp%2Fv2%2Fcomments&post=52"}],"version-history":[{"count":52,"href":"https:\/\/clubatletismolanucia.es\/index.php?rest_route=\/wp\/v2\/pages\/52\/revisions"}],"predecessor-version":[{"id":2199,"href":"https:\/\/clubatletismolanucia.es\/index.php?rest_route=\/wp\/v2\/pages\/52\/revisions\/2199"}],"wp:attachment":[{"href":"https:\/\/clubatletismolanucia.es\/index.php?rest_route=%2Fwp%2Fv2%2Fmedia&parent=52"}],"curies":[{"name":"wp","href":"https:\/\/api.w.org\/{rel}","templated":true}]}}